{"id":3974,"date":"2015-09-21T13:12:20","date_gmt":"2015-09-21T13:12:20","guid":{"rendered":"https:\/\/www.itdreamlan.nl\/de\/?page_id=3974"},"modified":"2015-10-05T12:32:59","modified_gmt":"2015-10-05T12:32:59","slug":"sitemap","status":"publish","type":"page","link":"https:\/\/itdreamlan.nl\/de\/sitemap\/","title":{"rendered":"sitemap"},"content":{"rendered":"","protected":false},"excerpt":{"rendered":"","protected":false},"author":1,"featured_media":0,"parent":0,"menu_order":0,"comment_status":"closed","ping_status":"closed","template":"template-sitemap.php","meta":{"footnotes":""},"class_list":["post-3974","page","type-page","status-publish","hentry"],"yoast_head":"<!-- This site is optimized with the Yoast SEO plugin v27.3 - https:\/\/yoast.com\/product\/yoast-seo-wordpress\/ -->\n<title>Sitemap - it Dreaml\u00e2n<\/title>\n<meta name=\"description\" content=\"Sitemap von it Dreaml\u00e2n, \u00dcbernachtung in reinen Friesland\" \/>\n<meta name=\"robots\" content=\"index, follow, max-snippet:-1, max-image-preview:large, max-video-preview:-1\" \/>\n<link rel=\"canonical\" href=\"https:\/\/itdreamlan.nl\/de\/sitemap\/\" \/>\n<meta property=\"og:locale\" content=\"de_DE\" \/>\n<meta property=\"og:type\" content=\"article\" \/>\n<meta property=\"og:title\" content=\"Sitemap - it Dreaml\u00e2n\" \/>\n<meta property=\"og:description\" content=\"Sitemap von it Dreaml\u00e2n, \u00dcbernachtung in reinen Friesland\" \/>\n<meta property=\"og:url\" content=\"https:\/\/itdreamlan.nl\/de\/sitemap\/\" \/>\n<meta property=\"og:site_name\" content=\"It Dreamlan\" \/>\n<meta property=\"article:publisher\" content=\"https:\/\/www.facebook.com\/itDreamlan\/\" \/>\n<meta property=\"article:modified_time\" content=\"2015-10-05T12:32:59+00:00\" \/>\n<script type=\"application\/ld+json\" class=\"yoast-schema-graph\">{\"@context\":\"https:\\\/\\\/schema.org\",\"@graph\":[{\"@type\":\"WebPage\",\"@id\":\"https:\\\/\\\/itdreamlan.nl\\\/de\\\/sitemap\\\/\",\"url\":\"https:\\\/\\\/itdreamlan.nl\\\/de\\\/sitemap\\\/\",\"name\":\"Sitemap - it Dreaml\u00e2n\",\"isPartOf\":{\"@id\":\"https:\\\/\\\/www.itdreamlan.nl\\\/en\\\/#website\"},\"datePublished\":\"2015-09-21T13:12:20+00:00\",\"dateModified\":\"2015-10-05T12:32:59+00:00\",\"description\":\"Sitemap von it Dreaml\u00e2n, \u00dcbernachtung in reinen Friesland\",\"breadcrumb\":{\"@id\":\"https:\\\/\\\/itdreamlan.nl\\\/de\\\/sitemap\\\/#breadcrumb\"},\"inLanguage\":\"de\",\"potentialAction\":[{\"@type\":\"ReadAction\",\"target\":[\"https:\\\/\\\/itdreamlan.nl\\\/de\\\/sitemap\\\/\"]}]},{\"@type\":\"BreadcrumbList\",\"@id\":\"https:\\\/\\\/itdreamlan.nl\\\/de\\\/sitemap\\\/#breadcrumb\",\"itemListElement\":[{\"@type\":\"ListItem\",\"position\":1,\"name\":\"Home\",\"item\":\"https:\\\/\\\/www.itdreamlan.nl\\\/de\\\/\"},{\"@type\":\"ListItem\",\"position\":2,\"name\":\"sitemap\"}]},{\"@type\":\"WebSite\",\"@id\":\"https:\\\/\\\/www.itdreamlan.nl\\\/en\\\/#website\",\"url\":\"https:\\\/\\\/www.itdreamlan.nl\\\/en\\\/\",\"name\":\"It Dreamlan\",\"description\":\"Overnachten in puur Friesland\",\"potentialAction\":[{\"@type\":\"SearchAction\",\"target\":{\"@type\":\"EntryPoint\",\"urlTemplate\":\"https:\\\/\\\/www.itdreamlan.nl\\\/en\\\/?s={search_term_string}\"},\"query-input\":{\"@type\":\"PropertyValueSpecification\",\"valueRequired\":true,\"valueName\":\"search_term_string\"}}],\"inLanguage\":\"de\"}]}<\/script>\n<!-- \/ Yoast SEO plugin. -->","yoast_head_json":{"title":"Sitemap - it Dreaml\u00e2n","description":"Sitemap von it Dreaml\u00e2n, \u00dcbernachtung in reinen Friesland","robots":{"index":"index","follow":"follow","max-snippet":"max-snippet:-1","max-image-preview":"max-image-preview:large","max-video-preview":"max-video-preview:-1"},"canonical":"https:\/\/itdreamlan.nl\/de\/sitemap\/","og_locale":"de_DE","og_type":"article","og_title":"Sitemap - it Dreaml\u00e2n","og_description":"Sitemap von it Dreaml\u00e2n, \u00dcbernachtung in reinen Friesland","og_url":"https:\/\/itdreamlan.nl\/de\/sitemap\/","og_site_name":"It Dreamlan","article_publisher":"https:\/\/www.facebook.com\/itDreamlan\/","article_modified_time":"2015-10-05T12:32:59+00:00","schema":{"@context":"https:\/\/schema.org","@graph":[{"@type":"WebPage","@id":"https:\/\/itdreamlan.nl\/de\/sitemap\/","url":"https:\/\/itdreamlan.nl\/de\/sitemap\/","name":"Sitemap - it Dreaml\u00e2n","isPartOf":{"@id":"https:\/\/www.itdreamlan.nl\/en\/#website"},"datePublished":"2015-09-21T13:12:20+00:00","dateModified":"2015-10-05T12:32:59+00:00","description":"Sitemap von it Dreaml\u00e2n, \u00dcbernachtung in reinen Friesland","breadcrumb":{"@id":"https:\/\/itdreamlan.nl\/de\/sitemap\/#breadcrumb"},"inLanguage":"de","potentialAction":[{"@type":"ReadAction","target":["https:\/\/itdreamlan.nl\/de\/sitemap\/"]}]},{"@type":"BreadcrumbList","@id":"https:\/\/itdreamlan.nl\/de\/sitemap\/#breadcrumb","itemListElement":[{"@type":"ListItem","position":1,"name":"Home","item":"https:\/\/www.itdreamlan.nl\/de\/"},{"@type":"ListItem","position":2,"name":"sitemap"}]},{"@type":"WebSite","@id":"https:\/\/www.itdreamlan.nl\/en\/#website","url":"https:\/\/www.itdreamlan.nl\/en\/","name":"It Dreamlan","description":"Overnachten in puur Friesland","potentialAction":[{"@type":"SearchAction","target":{"@type":"EntryPoint","urlTemplate":"https:\/\/www.itdreamlan.nl\/en\/?s={search_term_string}"},"query-input":{"@type":"PropertyValueSpecification","valueRequired":true,"valueName":"search_term_string"}}],"inLanguage":"de"}]}},"_links":{"self":[{"href":"https:\/\/itdreamlan.nl\/de\/wp-json\/wp\/v2\/pages\/3974","targetHints":{"allow":["GET"]}}],"collection":[{"href":"https:\/\/itdreamlan.nl\/de\/wp-json\/wp\/v2\/pages"}],"about":[{"href":"https:\/\/itdreamlan.nl\/de\/wp-json\/wp\/v2\/types\/page"}],"author":[{"embeddable":true,"href":"https:\/\/itdreamlan.nl\/de\/wp-json\/wp\/v2\/users\/1"}],"replies":[{"embeddable":true,"href":"https:\/\/itdreamlan.nl\/de\/wp-json\/wp\/v2\/comments?post=3974"}],"version-history":[{"count":1,"href":"https:\/\/itdreamlan.nl\/de\/wp-json\/wp\/v2\/pages\/3974\/revisions"}],"predecessor-version":[{"id":3975,"href":"https:\/\/itdreamlan.nl\/de\/wp-json\/wp\/v2\/pages\/3974\/revisions\/3975"}],"wp:attachment":[{"href":"https:\/\/itdreamlan.nl\/de\/wp-json\/wp\/v2\/media?parent=3974"}],"curies":[{"name":"wp","href":"https:\/\/api.w.org\/{rel}","templated":true}]}}