{"id":3970,"date":"2015-09-21T13:06:17","date_gmt":"2015-09-21T13:06:17","guid":{"rendered":"https:\/\/www.itdreamlan.nl\/de\/?page_id=3970"},"modified":"2024-09-21T12:21:06","modified_gmt":"2024-09-21T10:21:06","slug":"home","status":"publish","type":"page","link":"https:\/\/itdreamlan.nl\/de\/","title":{"rendered":"home"},"content":{"rendered":" <p> &nbsp; <\/p> \n<div class=\"services-wrapper services-default cols-wrapper cols-3\"><div class=\"services-box col\"><a href=\"https:\/\/www.itdreamlan.nl\/de\/camping\/\"><div class=\"img-container\"><img decoding=\"async\" src=\"https:\/\/www.itdreamlan.nl\/wp-content\/uploads\/2018\/04\/Camping-Friesland-Lauwersmeer-tentjes-in-het-veld.jpg\" alt=\"&lt;font size=&quot;4&quot; color=&quot;grey&quot;&gt;NATUR CAMPING&lt;\/font&gt;\"\/><\/div><\/a><div class=\"services-content\"><div class=\"sc-wraper\"><h3><a href=\"https:\/\/www.itdreamlan.nl\/de\/camping\/\"><font size=\"4\" color=\"grey\">NATUR CAMPING<\/font><\/a><\/h3><\/div><\/div><\/div><div class=\"services-box col\"><a href=\"https:\/\/www.itdreamlan.nl\/de\/gruppenunterkunft\/\"><div class=\"img-container\"><img decoding=\"async\" src=\"https:\/\/www.itdreamlan.nl\/wp-content\/uploads\/2014\/08\/Groepsccommodatie-Friesland.jpg\" alt=\"&lt;font size=&quot;4&quot; color=&quot;grey&quot;&gt;GRUPPENUNTERKUNFT&lt;\/font&gt;\"\/><\/div><\/a><div class=\"services-content\"><div class=\"sc-wraper\"><h3><a href=\"https:\/\/www.itdreamlan.nl\/de\/gruppenunterkunft\/\"><font size=\"4\" color=\"grey\">GRUPPENUNTERKUNFT<\/font><\/a><\/h3><\/div><\/div><\/div><div class=\"services-box col nomargin\"><a href=\"https:\/\/www.itdreamlan.nl\/de\/glamping\/\"><div class=\"img-container\"><img decoding=\"async\" src=\"https:\/\/www.itdreamlan.nl\/wp-content\/uploads\/2018\/04\/1.-Trek-ins-it-Dreamlan-gesneden.jpg\" alt=\"&lt;font size=&quot;4&quot; color=&quot;grey&quot;&gt;GLAMPING&lt;\/font&gt;\"\/><\/div><\/a><div class=\"services-content\"><div class=\"sc-wraper\"><h3><a href=\"https:\/\/www.itdreamlan.nl\/de\/glamping\/\"><font size=\"4\" color=\"grey\">GLAMPING<\/font><\/a><\/h3><\/div><\/div><\/div><div class=\"services-box col\"><a href=\"https:\/\/www.itdreamlan.nl\/de\/ferienhaus\/\"><div class=\"img-container\"><img decoding=\"async\" src=\"https:\/\/www.itdreamlan.nl\/wp-content\/uploads\/2018\/04\/Vakantiehuis-Lauwersmeer-Friesland.jpg\" alt=\"&lt;font size=&quot;4&quot; color=&quot;grey&quot;&gt;FERIENHAUS&lt;\/font&gt;\"\/><\/div><\/a><div class=\"services-content\"><div class=\"sc-wraper\"><h3><a href=\"https:\/\/www.itdreamlan.nl\/de\/ferienhaus\/\"><font size=\"4\" color=\"grey\">FERIENHAUS<\/font><\/a><\/h3><\/div><\/div><\/div><div class=\"services-box col\"><a href=\"https:\/\/www.itdreamlan.nl\/de\/ferienwohnung\/\"><div class=\"img-container\"><img decoding=\"async\" src=\"https:\/\/www.itdreamlan.nl\/wp-content\/uploads\/2018\/04\/Groepsaccommodatie-Friesland-Lauwersmeer.jpg\" alt=\"&lt;font size=&quot;4&quot; color=&quot;grey&quot;&gt;FERIENWOHNUNGEN&lt;\/font&gt;\"\/><\/div><\/a><div class=\"services-content\"><div class=\"sc-wraper\"><h3><a href=\"https:\/\/www.itdreamlan.nl\/de\/ferienwohnung\/\"><font size=\"4\" color=\"grey\">FERIENWOHNUNGEN<\/font><\/a><\/h3><\/div><\/div><\/div><div class=\"services-box col nomargin\"><a href=\"https:\/\/www.itdreamlan.nl\/de\/familienhaus\/\"><div class=\"img-container\"><img decoding=\"async\" src=\"https:\/\/www.itdreamlan.nl\/wp-content\/uploads\/2015\/07\/groot-vakantiehuis-familiehuis-lauwersmeer-friesland.jpg\" alt=\"&lt;font size=&quot;4&quot; color=&quot;grey&quot;&gt;FAMILIENHAUS&lt;\/font&gt;\"\/><\/div><\/a><div class=\"services-content\"><div class=\"sc-wraper\"><h3><a href=\"https:\/\/www.itdreamlan.nl\/de\/familienhaus\/\"><font size=\"4\" color=\"grey\">FAMILIENHAUS<\/font><\/a><\/h3><\/div><\/div><\/div><div class=\"clear\"><\/div><\/div>\n <p> &nbsp; <\/p> \n<div class=\"section-full-width section-dark-bg\" style=\"background-color:#BBA0A0;\" id=\"hierwirfreuen\"><div class=\"section-boxed\" style=\"color:#ffffff;\"><h2 class=\"section-title\" style=\"color:#ffffff;\">HIER WIR FREUEN!<\/h2>  <p>  Viele Menschen kommen hierher, Aufenthalt bis etwas wirkliches, Zeit mit ihren Freunden, Kindern order Angeh\u00f6rigen, mitten in der Natur zu verbringen. Andere kommen einfach nur zum Entspannen auf ihren Traum arbeiten, weil die Prunkhaftigkeit des friesischen Landes sie inspiriert. Da mehr Leute den Rest finden sie m\u00f6chten ihre Tr\u00e4ume und verbringen Sie Zeit mit den Menschen zu finden, dann die Welt ist definitiv ein weig sch\u00f6ner\u2026 dort sind wir gerade sehr gl\u00fccklich!&#8230; klicken Sie <a href=\"https:\/\/www.itdreamlan.nl\/de\/wer-sind-wir\/\">hier<\/a> wer wir sind &#8212; Robert und Minke &#8212;  <\/p>  \n<\/div><\/div>\n <p> &nbsp; <\/p> \n<div class=\"services-wrapper services-default cols-wrapper cols-3\"><div class=\"services-box col\"><a href=\"https:\/\/www.itdreamlan.nl\/de\/umgebung-lauwersmeer\/\"><div class=\"img-container\"><img decoding=\"async\" src=\"https:\/\/www.itdreamlan.nl\/wp-content\/uploads\/2014\/08\/Omgeving-Lauwersmeer-Friesland.jpg\" alt=\"&lt;font size=&quot;4&quot; color=&quot;grey&quot;&gt;UMGEBUNG&lt;\/font&gt;\"\/><\/div><\/a><div class=\"services-content\"><div class=\"sc-wraper\"><h3><a href=\"https:\/\/www.itdreamlan.nl\/de\/umgebung-lauwersmeer\/\"><font size=\"4\" color=\"grey\">UMGEBUNG<\/font><\/a><\/h3><\/div><\/div><\/div><div class=\"services-box col\"><a href=\"https:\/\/www.itdreamlan.nl\/de\/kinder\/\"><div class=\"img-container\"><img decoding=\"async\" src=\"https:\/\/www.itdreamlan.nl\/wp-content\/uploads\/2014\/08\/Kinderen-Camping-Friesland.jpg\" alt=\"&lt;font size=&quot;4&quot; color=&quot;grey&quot;&gt;KINDER&lt;\/font&gt;\"\/><\/div><\/a><div class=\"services-content\"><div class=\"sc-wraper\"><h3><a href=\"https:\/\/www.itdreamlan.nl\/de\/kinder\/\"><font size=\"4\" color=\"grey\">KINDER<\/font><\/a><\/h3><\/div><\/div><\/div><div class=\"services-box col nomargin\"><a href=\"https:\/\/www.itdreamlan.nl\/de\/unternehmen\/\"><div class=\"img-container\"><img decoding=\"async\" src=\"https:\/\/www.itdreamlan.nl\/wp-content\/uploads\/2014\/08\/Bedrijfsaccommodatie-Friesland.jpg\" alt=\"&lt;font size=&quot;4&quot; color=&quot;grey&quot;&gt;UNTERNEHMEN&lt;\/font&gt;\"\/><\/div><\/a><div class=\"services-content\"><div class=\"sc-wraper\"><h3><a href=\"https:\/\/www.itdreamlan.nl\/de\/unternehmen\/\"><font size=\"4\" color=\"grey\">UNTERNEHMEN<\/font><\/a><\/h3><\/div><\/div><\/div><div class=\"clear\"><\/div><\/div>\n <p> &nbsp; <\/p> \n<div class=\"section-full-width section-dark\" style=\"background-color:#252525;\" id=\"reservieren\"><div style=\"background-image:url(https:\/\/www.itdreamlan.nl\/wp-content\/uploads\/2014\/08\/reserveren-bij-it-dreamlan.jpg); opacity:0.9; filter: alpha(opacity=90);\" class=\"full-bg-image\" ><\/div><div class=\"section-boxed\" style=\"color:#ffffff;\"><h2 class=\"section-title\" style=\"color:#ffffff;\">Reservieren?<\/h2><p style=\"text-align: center;\"><a class=\"button\" href=\"https:\/\/www.itdreamlan.nl\/de\/reservierung\/\">Verf\u00fcgbarkeit<\/a>  <\/p>  \n<\/div><\/div>\n <p> &nbsp; <\/p> \n <p> <img decoding=\"async\" class=\"aligncenter\" src=\"https:\/\/www.itdreamlan.nl\/wp-content\/uploads\/2024\/09\/Logo-it-Dreamlan-500.png\" width=\"250\" alt=\"it Dreamlan logo groene natuur camping minicamping Friesland Lauwersmeer Kollum Dokkum Lauwersoog\" \/> <\/p> \n <p> &nbsp; <\/p> \n","protected":false},"excerpt":{"rendered":" <p> &nbsp; &nbsp; &nbsp; &nbsp; &nbsp; &nbsp; <\/p> \n","protected":false},"author":1,"featured_media":0,"parent":0,"menu_order":0,"comment_status":"closed","ping_status":"closed","template":"template-full-custom.php","meta":{"footnotes":""},"class_list":["post-3970","page","type-page","status-publish","hentry"],"yoast_head":"<!-- This site is optimized with the Yoast SEO plugin v27.1.1 - https:\/\/yoast.com\/product\/yoast-seo-wordpress\/ -->\n<title>\u00dcbernachtung im reinen Friesland - it Dreaml\u00e2n<\/title>\n<meta name=\"description\" content=\"Kinderfreundlichen Natur camping, Ferienh\u00e4user in der Natur und glamping im Trek-in nahe Lauwersmeer und Wattenmeer. \u00dcbernachtung im reinen Friesland!\" \/>\n<meta name=\"robots\" content=\"index, follow, max-snippet:-1, max-image-preview:large, max-video-preview:-1\" \/>\n<link rel=\"canonical\" href=\"https:\/\/www.itdreamlan.nl\/de\/\" \/>\n<meta property=\"og:locale\" content=\"de_DE\" \/>\n<meta property=\"og:type\" content=\"article\" \/>\n<meta property=\"og:title\" content=\"\u00dcbernachtung im reinen Friesland - it Dreaml\u00e2n\" \/>\n<meta property=\"og:description\" content=\"Kinderfreundlichen Natur camping, Ferienh\u00e4user in der Natur und glamping im Trek-in nahe Lauwersmeer und Wattenmeer. \u00dcbernachtung im reinen Friesland!\" \/>\n<meta property=\"og:url\" content=\"https:\/\/www.itdreamlan.nl\/de\/\" \/>\n<meta property=\"og:site_name\" content=\"It Dreamlan\" \/>\n<meta property=\"article:publisher\" content=\"https:\/\/www.facebook.com\/itDreamlan\/\" \/>\n<meta property=\"article:modified_time\" content=\"2024-09-21T10:21:06+00:00\" \/>\n<meta property=\"og:image\" content=\"https:\/\/www.itdreamlan.nl\/wp-content\/uploads\/2024\/09\/Logo-it-Dreamlan-500.png\" \/>\n<meta name=\"twitter:label1\" content=\"Gesch\u00e4tzte Lesezeit\" \/>\n\t<meta name=\"twitter:data1\" content=\"1\u00a0Minute\" \/>\n<script type=\"application\/ld+json\" class=\"yoast-schema-graph\">{\"@context\":\"https:\/\/schema.org\",\"@graph\":[{\"@type\":\"WebPage\",\"@id\":\"https:\/\/www.itdreamlan.nl\/de\/\",\"url\":\"https:\/\/www.itdreamlan.nl\/de\/\",\"name\":\"\u00dcbernachtung im reinen Friesland - it Dreaml\u00e2n\",\"isPartOf\":{\"@id\":\"https:\/\/www.itdreamlan.nl\/#website\"},\"primaryImageOfPage\":{\"@id\":\"https:\/\/www.itdreamlan.nl\/de\/#primaryimage\"},\"image\":{\"@id\":\"https:\/\/www.itdreamlan.nl\/de\/#primaryimage\"},\"thumbnailUrl\":\"https:\/\/www.itdreamlan.nl\/wp-content\/uploads\/2024\/09\/Logo-it-Dreamlan-500.png\",\"datePublished\":\"2015-09-21T13:06:17+00:00\",\"dateModified\":\"2024-09-21T10:21:06+00:00\",\"description\":\"Kinderfreundlichen Natur camping, Ferienh\u00e4user in der Natur und glamping im Trek-in nahe Lauwersmeer und Wattenmeer. \u00dcbernachtung im reinen Friesland!\",\"breadcrumb\":{\"@id\":\"https:\/\/www.itdreamlan.nl\/de\/#breadcrumb\"},\"inLanguage\":\"de\",\"potentialAction\":[{\"@type\":\"ReadAction\",\"target\":[\"https:\/\/www.itdreamlan.nl\/de\/\"]}]},{\"@type\":\"ImageObject\",\"inLanguage\":\"de\",\"@id\":\"https:\/\/www.itdreamlan.nl\/de\/#primaryimage\",\"url\":\"https:\/\/www.itdreamlan.nl\/wp-content\/uploads\/2024\/09\/Logo-it-Dreamlan-500.png\",\"contentUrl\":\"https:\/\/www.itdreamlan.nl\/wp-content\/uploads\/2024\/09\/Logo-it-Dreamlan-500.png\"},{\"@type\":\"BreadcrumbList\",\"@id\":\"https:\/\/www.itdreamlan.nl\/de\/#breadcrumb\",\"itemListElement\":[{\"@type\":\"ListItem\",\"position\":1,\"name\":\"Home\",\"item\":\"https:\/\/www.itdreamlan.nl\/de\/\"},{\"@type\":\"ListItem\",\"position\":2,\"name\":\"home\"}]},{\"@type\":\"WebSite\",\"@id\":\"https:\/\/www.itdreamlan.nl\/#website\",\"url\":\"https:\/\/www.itdreamlan.nl\/\",\"name\":\"It Dreamlan\",\"description\":\"Overnachten in puur Friesland\",\"potentialAction\":[{\"@type\":\"SearchAction\",\"target\":{\"@type\":\"EntryPoint\",\"urlTemplate\":\"https:\/\/www.itdreamlan.nl\/?s={search_term_string}\"},\"query-input\":{\"@type\":\"PropertyValueSpecification\",\"valueRequired\":true,\"valueName\":\"search_term_string\"}}],\"inLanguage\":\"de\"}]}<\/script>\n<!-- \/ Yoast SEO plugin. -->","yoast_head_json":{"title":"\u00dcbernachtung im reinen Friesland - it Dreaml\u00e2n","description":"Kinderfreundlichen Natur camping, Ferienh\u00e4user in der Natur und glamping im Trek-in nahe Lauwersmeer und Wattenmeer. \u00dcbernachtung im reinen Friesland!","robots":{"index":"index","follow":"follow","max-snippet":"max-snippet:-1","max-image-preview":"max-image-preview:large","max-video-preview":"max-video-preview:-1"},"canonical":"https:\/\/www.itdreamlan.nl\/de\/","og_locale":"de_DE","og_type":"article","og_title":"\u00dcbernachtung im reinen Friesland - it Dreaml\u00e2n","og_description":"Kinderfreundlichen Natur camping, Ferienh\u00e4user in der Natur und glamping im Trek-in nahe Lauwersmeer und Wattenmeer. \u00dcbernachtung im reinen Friesland!","og_url":"https:\/\/www.itdreamlan.nl\/de\/","og_site_name":"It Dreamlan","article_publisher":"https:\/\/www.facebook.com\/itDreamlan\/","article_modified_time":"2024-09-21T10:21:06+00:00","og_image":[{"url":"https:\/\/www.itdreamlan.nl\/wp-content\/uploads\/2024\/09\/Logo-it-Dreamlan-500.png","type":"","width":"","height":""}],"twitter_misc":{"Gesch\u00e4tzte Lesezeit":"1\u00a0Minute"},"schema":{"@context":"https:\/\/schema.org","@graph":[{"@type":"WebPage","@id":"https:\/\/www.itdreamlan.nl\/de\/","url":"https:\/\/www.itdreamlan.nl\/de\/","name":"\u00dcbernachtung im reinen Friesland - it Dreaml\u00e2n","isPartOf":{"@id":"https:\/\/www.itdreamlan.nl\/#website"},"primaryImageOfPage":{"@id":"https:\/\/www.itdreamlan.nl\/de\/#primaryimage"},"image":{"@id":"https:\/\/www.itdreamlan.nl\/de\/#primaryimage"},"thumbnailUrl":"https:\/\/www.itdreamlan.nl\/wp-content\/uploads\/2024\/09\/Logo-it-Dreamlan-500.png","datePublished":"2015-09-21T13:06:17+00:00","dateModified":"2024-09-21T10:21:06+00:00","description":"Kinderfreundlichen Natur camping, Ferienh\u00e4user in der Natur und glamping im Trek-in nahe Lauwersmeer und Wattenmeer. \u00dcbernachtung im reinen Friesland!","breadcrumb":{"@id":"https:\/\/www.itdreamlan.nl\/de\/#breadcrumb"},"inLanguage":"de","potentialAction":[{"@type":"ReadAction","target":["https:\/\/www.itdreamlan.nl\/de\/"]}]},{"@type":"ImageObject","inLanguage":"de","@id":"https:\/\/www.itdreamlan.nl\/de\/#primaryimage","url":"https:\/\/www.itdreamlan.nl\/wp-content\/uploads\/2024\/09\/Logo-it-Dreamlan-500.png","contentUrl":"https:\/\/www.itdreamlan.nl\/wp-content\/uploads\/2024\/09\/Logo-it-Dreamlan-500.png"},{"@type":"BreadcrumbList","@id":"https:\/\/www.itdreamlan.nl\/de\/#breadcrumb","itemListElement":[{"@type":"ListItem","position":1,"name":"Home","item":"https:\/\/www.itdreamlan.nl\/de\/"},{"@type":"ListItem","position":2,"name":"home"}]},{"@type":"WebSite","@id":"https:\/\/www.itdreamlan.nl\/#website","url":"https:\/\/www.itdreamlan.nl\/","name":"It Dreamlan","description":"Overnachten in puur Friesland","potentialAction":[{"@type":"SearchAction","target":{"@type":"EntryPoint","urlTemplate":"https:\/\/www.itdreamlan.nl\/?s={search_term_string}"},"query-input":{"@type":"PropertyValueSpecification","valueRequired":true,"valueName":"search_term_string"}}],"inLanguage":"de"}]}},"_links":{"self":[{"href":"https:\/\/itdreamlan.nl\/de\/wp-json\/wp\/v2\/pages\/3970","targetHints":{"allow":["GET"]}}],"collection":[{"href":"https:\/\/itdreamlan.nl\/de\/wp-json\/wp\/v2\/pages"}],"about":[{"href":"https:\/\/itdreamlan.nl\/de\/wp-json\/wp\/v2\/types\/page"}],"author":[{"embeddable":true,"href":"https:\/\/itdreamlan.nl\/de\/wp-json\/wp\/v2\/users\/1"}],"replies":[{"embeddable":true,"href":"https:\/\/itdreamlan.nl\/de\/wp-json\/wp\/v2\/comments?post=3970"}],"version-history":[{"count":26,"href":"https:\/\/itdreamlan.nl\/de\/wp-json\/wp\/v2\/pages\/3970\/revisions"}],"predecessor-version":[{"id":13432,"href":"https:\/\/itdreamlan.nl\/de\/wp-json\/wp\/v2\/pages\/3970\/revisions\/13432"}],"wp:attachment":[{"href":"https:\/\/itdreamlan.nl\/de\/wp-json\/wp\/v2\/media?parent=3970"}],"curies":[{"name":"wp","href":"https:\/\/api.w.org\/{rel}","templated":true}]}}