{"id":3968,"date":"2015-09-21T12:47:38","date_gmt":"2015-09-21T12:47:38","guid":{"rendered":"https:\/\/www.itdreamlan.nl\/de\/?page_id=3968"},"modified":"2018-11-22T10:26:09","modified_gmt":"2018-11-22T10:26:09","slug":"ferienhauser","status":"publish","type":"page","link":"https:\/\/itdreamlan.nl\/de\/ferienhauser\/","title":{"rendered":"ferienh\u00e4user"},"content":{"rendered":"<div class=\"section-full-width section-dark-bg\" style=\"background-color:#965251;\" id=\"ferienhauserindernaturinfriesland\"><div class=\"section-boxed\" style=\"color:#ffffff;\"><h2 class=\"section-title\" style=\"color:#ffffff;\">FERIENHAUSER IN DER NATUR IN FRIESLAND<\/h2>  <p>  Spezielle Ferienh\u00e4user zu vermieten auf einer Friesischen Warft?&#8230; w\u00e4hlen Sie dem gem\u00fctliche 4 Personen Ferienhaus, das ziemlich schickes 4 oder 6 Personen Design Ferienhaus order das gro\u00dfe 10 Personen Familienhaus. Alle mitten in der Natur in Friesland, gut Radfahren und Wandern auf dem Lauwersmeer oder das Wattenmeer. \u00dcber den Radweg entlang des Kanals in Dokkum oder durch die sch\u00f6nsten D\u00f6rfer Richtung Groningen und Leeuwarden.  <\/p>  \n<\/div><\/div>\n <p> &nbsp; <\/p> \n<div class=\"services-wrapper services-default cols-wrapper cols-3\"><div class=\"services-box col\"><a href=\"https:\/\/www.itdreamlan.nl\/de\/ferienhaus\/\"><div class=\"img-container\"><img decoding=\"async\" src=\"https:\/\/www.itdreamlan.nl\/wp-content\/uploads\/2018\/04\/Vakantiehuis-Lauwersmeer-Friesland.jpg\" alt=\"&lt;font size=&quot;4&quot; color=&quot;grey&quot;&gt;FERIENHAUS&lt;\/font&gt;\"\/><\/div><\/a><div class=\"services-content\"><div class=\"sc-wraper\"><h3><a href=\"https:\/\/www.itdreamlan.nl\/de\/ferienhaus\/\"><font size=\"4\" color=\"grey\">FERIENHAUS<\/font><\/a><\/h3> <p> <font size=\"3\">Gefunden! Diese gem\u00fctliche \r\n<a href=\"https:\/\/www.itdreamlan.nl\/de\/ferienhaus\/\"><u>H\u00fctte<\/u><\/a> f\u00fcr 2-4 Personen mitten in der Natur, mit Holzofen. Im Winter Ruhe und Stille, im Sommer das gesellige Treiben des angrenzenden Naturcampingplatzes.<\/font> <br> \r\n <br> \r\n <br> \r\n<a class=\"button\" href=\"https:\/\/www.itdreamlan.nl\/de\/reservierung\/?accommodatie=1183\">Kalender<\/a> <\/p> <\/div><\/div><\/div><div class=\"services-box col\"><a href=\"https:\/\/www.itdreamlan.nl\/de\/ferienwohnung\/\"><div class=\"img-container\"><img decoding=\"async\" src=\"https:\/\/www.itdreamlan.nl\/wp-content\/uploads\/2018\/04\/Groepsaccommodatie-Friesland-Lauwersmeer.jpg\" alt=\"&lt;font size=&quot;4&quot; color=&quot;grey&quot;&gt;FERIENWOHNUNGEN&lt;\/font&gt;\"\/><\/div><\/a><div class=\"services-content\"><div class=\"sc-wraper\"><h3><a href=\"https:\/\/www.itdreamlan.nl\/de\/ferienwohnung\/\"><font size=\"4\" color=\"grey\">FERIENWOHNUNGEN<\/font><\/a><\/h3> <p> <font size=\"3\">Vier <a href=\"https:\/\/www.itdreamlan.nl\/de\/ferienwohnung\"><u>Ferienwohnungen<\/u><\/a> f\u00fcr 2-6 Personen unter dem gro\u00dfen Dach einer wuchtigen Bauernscheune. Ein herrliches Haus mit allem Komfort, das im Sommer von der Atmosph\u00e4re des angrenzenden kleinen Campingplatzes mitprofitiert.<\/font>\r\n <br> \r\n <br> \r\n<a class=\"button\" href=\"https:\/\/www.itdreamlan.nl\/de\/reservierung\/?accommodatie=1150\">Kalender<\/a> <\/p> <\/div><\/div><\/div><div class=\"services-box col nomargin\"><a href=\"https:\/\/www.itdreamlan.nl\/de\/familienhaus\/\"><div class=\"img-container\"><img decoding=\"async\" src=\"https:\/\/www.itdreamlan.nl\/wp-content\/uploads\/2015\/02\/familiehuis-in-de-natuur.jpg\" alt=\"&lt;font size=&quot;4&quot; color=&quot;grey&quot;&gt;FAMILIENHAUS&lt;\/font&gt;\"\/><\/div><\/a><div class=\"services-content\"><div class=\"sc-wraper\"><h3><a href=\"https:\/\/www.itdreamlan.nl\/de\/familienhaus\/\"><font size=\"4\" color=\"grey\">FAMILIENHAUS<\/font><\/a><\/h3> <p> <font size=\"3\">Au\u00dfergew\u00f6hnliches <a href=\"https:\/\/www.itdreamlan.nl\/de\/familienhaus\/\"><u>Familienhaus<\/u><\/a> f\u00fcr 7-10 Personen mit viel Atmosph\u00e4re. Ein urgem\u00fctliches Haus f\u00fcr Freunde und Verwandte, das au\u00dferdem sehr kinderfreundlich<\/u><\/a> ist. Authentisch von au\u00dfen, modern von ihnen.<\/font>\r\n <br> \r\n <br> \r\n<a class=\"button\" href=\"https:\/\/www.itdreamlan.nl\/de\/reservierung\/?accommodatie=1182\">Kalender<\/a> <\/p> <\/div><\/div><\/div><div class=\"clear\"><\/div><\/div>\n <p> <img loading=\"lazy\" decoding=\"async\" class=\"aligncenter wp-image-2434 size-large\" src=\"https:\/\/www.itdreamlan.nl\/wp-content\/uploads\/2015\/05\/itdreamlan14-1024x356.png\" alt=\"it Dreamlan spezielle kinderfreundliche Ferienh\u00e4user natur Lauwersmeer Wattenmeer Friesland Nederland Holland Niederlande\" width=\"1024\" height=\"356\" srcset=\"https:\/\/itdreamlan.nl\/wp-content\/uploads\/2015\/05\/itdreamlan14-1024x356.png 1024w, https:\/\/itdreamlan.nl\/wp-content\/uploads\/2015\/05\/itdreamlan14-300x104.png 300w\" sizes=\"auto, (max-width: 1024px) 100vw, 1024px\" \/> <\/p> \n","protected":false},"excerpt":{"rendered":" <p> &nbsp; <\/p> \n","protected":false},"author":1,"featured_media":0,"parent":0,"menu_order":0,"comment_status":"closed","ping_status":"closed","template":"template-full-custom.php","meta":{"footnotes":""},"class_list":["post-3968","page","type-page","status-publish","hentry"],"yoast_head":"<!-- This site is optimized with the Yoast SEO plugin v27.1.1 - https:\/\/yoast.com\/product\/yoast-seo-wordpress\/ -->\n<title>Spezielle Ferienh\u00e4user Lauwersmeer Friesland Niederlande - it Dreaml\u00e2n<\/title>\n<meta name=\"description\" content=\"Kinderfreundliche Ferienh\u00e4user in Natur: gem\u00fctliches 4 Personen Ferienhaus, Spezielle 10 Personen Familienhaus und 4 Ferienwohnungen unter einem Dach.\" \/>\n<meta name=\"robots\" content=\"index, follow, max-snippet:-1, max-image-preview:large, max-video-preview:-1\" \/>\n<link rel=\"canonical\" href=\"https:\/\/www.itdreamlan.nl\/de\/ferienhauser\/\" \/>\n<meta property=\"og:locale\" content=\"de_DE\" \/>\n<meta property=\"og:type\" content=\"article\" \/>\n<meta property=\"og:title\" content=\"Spezielle Ferienh\u00e4user Lauwersmeer Friesland Niederlande - it Dreaml\u00e2n\" \/>\n<meta property=\"og:description\" content=\"Kinderfreundliche Ferienh\u00e4user in Natur: gem\u00fctliches 4 Personen Ferienhaus, Spezielle 10 Personen Familienhaus und 4 Ferienwohnungen unter einem Dach.\" \/>\n<meta property=\"og:url\" content=\"https:\/\/www.itdreamlan.nl\/de\/ferienhauser\/\" \/>\n<meta property=\"og:site_name\" content=\"It Dreamlan\" \/>\n<meta property=\"article:publisher\" content=\"https:\/\/www.facebook.com\/itDreamlan\/\" \/>\n<meta property=\"article:modified_time\" content=\"2018-11-22T10:26:09+00:00\" \/>\n<meta property=\"og:image\" content=\"https:\/\/www.itdreamlan.nl\/wp-content\/uploads\/2015\/05\/itdreamlan14-1024x356.png\" \/>\n<meta name=\"twitter:label1\" content=\"Gesch\u00e4tzte Lesezeit\" \/>\n\t<meta name=\"twitter:data1\" content=\"1\u00a0Minute\" \/>\n<script type=\"application\/ld+json\" class=\"yoast-schema-graph\">{\"@context\":\"https:\/\/schema.org\",\"@graph\":[{\"@type\":\"WebPage\",\"@id\":\"https:\/\/www.itdreamlan.nl\/de\/ferienhauser\/\",\"url\":\"https:\/\/www.itdreamlan.nl\/de\/ferienhauser\/\",\"name\":\"Spezielle Ferienh\u00e4user Lauwersmeer Friesland Niederlande - it Dreaml\u00e2n\",\"isPartOf\":{\"@id\":\"https:\/\/www.itdreamlan.nl\/#website\"},\"primaryImageOfPage\":{\"@id\":\"https:\/\/www.itdreamlan.nl\/de\/ferienhauser\/#primaryimage\"},\"image\":{\"@id\":\"https:\/\/www.itdreamlan.nl\/de\/ferienhauser\/#primaryimage\"},\"thumbnailUrl\":\"https:\/\/www.itdreamlan.nl\/wp-content\/uploads\/2015\/05\/itdreamlan14-1024x356.png\",\"datePublished\":\"2015-09-21T12:47:38+00:00\",\"dateModified\":\"2018-11-22T10:26:09+00:00\",\"description\":\"Kinderfreundliche Ferienh\u00e4user in Natur: gem\u00fctliches 4 Personen Ferienhaus, Spezielle 10 Personen Familienhaus und 4 Ferienwohnungen unter einem Dach.\",\"breadcrumb\":{\"@id\":\"https:\/\/www.itdreamlan.nl\/de\/ferienhauser\/#breadcrumb\"},\"inLanguage\":\"de\",\"potentialAction\":[{\"@type\":\"ReadAction\",\"target\":[\"https:\/\/www.itdreamlan.nl\/de\/ferienhauser\/\"]}]},{\"@type\":\"ImageObject\",\"inLanguage\":\"de\",\"@id\":\"https:\/\/www.itdreamlan.nl\/de\/ferienhauser\/#primaryimage\",\"url\":\"https:\/\/www.itdreamlan.nl\/wp-content\/uploads\/2015\/05\/itdreamlan14-1024x356.png\",\"contentUrl\":\"https:\/\/www.itdreamlan.nl\/wp-content\/uploads\/2015\/05\/itdreamlan14-1024x356.png\"},{\"@type\":\"BreadcrumbList\",\"@id\":\"https:\/\/www.itdreamlan.nl\/de\/ferienhauser\/#breadcrumb\",\"itemListElement\":[{\"@type\":\"ListItem\",\"position\":1,\"name\":\"Home\",\"item\":\"https:\/\/www.itdreamlan.nl\/de\/\"},{\"@type\":\"ListItem\",\"position\":2,\"name\":\"ferienh\u00e4user\"}]},{\"@type\":\"WebSite\",\"@id\":\"https:\/\/www.itdreamlan.nl\/#website\",\"url\":\"https:\/\/www.itdreamlan.nl\/\",\"name\":\"It Dreamlan\",\"description\":\"Overnachten in puur Friesland\",\"potentialAction\":[{\"@type\":\"SearchAction\",\"target\":{\"@type\":\"EntryPoint\",\"urlTemplate\":\"https:\/\/www.itdreamlan.nl\/?s={search_term_string}\"},\"query-input\":{\"@type\":\"PropertyValueSpecification\",\"valueRequired\":true,\"valueName\":\"search_term_string\"}}],\"inLanguage\":\"de\"}]}<\/script>\n<!-- \/ Yoast SEO plugin. -->","yoast_head_json":{"title":"Spezielle Ferienh\u00e4user Lauwersmeer Friesland Niederlande - it Dreaml\u00e2n","description":"Kinderfreundliche Ferienh\u00e4user in Natur: gem\u00fctliches 4 Personen Ferienhaus, Spezielle 10 Personen Familienhaus und 4 Ferienwohnungen unter einem Dach.","robots":{"index":"index","follow":"follow","max-snippet":"max-snippet:-1","max-image-preview":"max-image-preview:large","max-video-preview":"max-video-preview:-1"},"canonical":"https:\/\/www.itdreamlan.nl\/de\/ferienhauser\/","og_locale":"de_DE","og_type":"article","og_title":"Spezielle Ferienh\u00e4user Lauwersmeer Friesland Niederlande - it Dreaml\u00e2n","og_description":"Kinderfreundliche Ferienh\u00e4user in Natur: gem\u00fctliches 4 Personen Ferienhaus, Spezielle 10 Personen Familienhaus und 4 Ferienwohnungen unter einem Dach.","og_url":"https:\/\/www.itdreamlan.nl\/de\/ferienhauser\/","og_site_name":"It Dreamlan","article_publisher":"https:\/\/www.facebook.com\/itDreamlan\/","article_modified_time":"2018-11-22T10:26:09+00:00","og_image":[{"url":"https:\/\/www.itdreamlan.nl\/wp-content\/uploads\/2015\/05\/itdreamlan14-1024x356.png","type":"","width":"","height":""}],"twitter_misc":{"Gesch\u00e4tzte Lesezeit":"1\u00a0Minute"},"schema":{"@context":"https:\/\/schema.org","@graph":[{"@type":"WebPage","@id":"https:\/\/www.itdreamlan.nl\/de\/ferienhauser\/","url":"https:\/\/www.itdreamlan.nl\/de\/ferienhauser\/","name":"Spezielle Ferienh\u00e4user Lauwersmeer Friesland Niederlande - it Dreaml\u00e2n","isPartOf":{"@id":"https:\/\/www.itdreamlan.nl\/#website"},"primaryImageOfPage":{"@id":"https:\/\/www.itdreamlan.nl\/de\/ferienhauser\/#primaryimage"},"image":{"@id":"https:\/\/www.itdreamlan.nl\/de\/ferienhauser\/#primaryimage"},"thumbnailUrl":"https:\/\/www.itdreamlan.nl\/wp-content\/uploads\/2015\/05\/itdreamlan14-1024x356.png","datePublished":"2015-09-21T12:47:38+00:00","dateModified":"2018-11-22T10:26:09+00:00","description":"Kinderfreundliche Ferienh\u00e4user in Natur: gem\u00fctliches 4 Personen Ferienhaus, Spezielle 10 Personen Familienhaus und 4 Ferienwohnungen unter einem Dach.","breadcrumb":{"@id":"https:\/\/www.itdreamlan.nl\/de\/ferienhauser\/#breadcrumb"},"inLanguage":"de","potentialAction":[{"@type":"ReadAction","target":["https:\/\/www.itdreamlan.nl\/de\/ferienhauser\/"]}]},{"@type":"ImageObject","inLanguage":"de","@id":"https:\/\/www.itdreamlan.nl\/de\/ferienhauser\/#primaryimage","url":"https:\/\/www.itdreamlan.nl\/wp-content\/uploads\/2015\/05\/itdreamlan14-1024x356.png","contentUrl":"https:\/\/www.itdreamlan.nl\/wp-content\/uploads\/2015\/05\/itdreamlan14-1024x356.png"},{"@type":"BreadcrumbList","@id":"https:\/\/www.itdreamlan.nl\/de\/ferienhauser\/#breadcrumb","itemListElement":[{"@type":"ListItem","position":1,"name":"Home","item":"https:\/\/www.itdreamlan.nl\/de\/"},{"@type":"ListItem","position":2,"name":"ferienh\u00e4user"}]},{"@type":"WebSite","@id":"https:\/\/www.itdreamlan.nl\/#website","url":"https:\/\/www.itdreamlan.nl\/","name":"It Dreamlan","description":"Overnachten in puur Friesland","potentialAction":[{"@type":"SearchAction","target":{"@type":"EntryPoint","urlTemplate":"https:\/\/www.itdreamlan.nl\/?s={search_term_string}"},"query-input":{"@type":"PropertyValueSpecification","valueRequired":true,"valueName":"search_term_string"}}],"inLanguage":"de"}]}},"_links":{"self":[{"href":"https:\/\/itdreamlan.nl\/de\/wp-json\/wp\/v2\/pages\/3968","targetHints":{"allow":["GET"]}}],"collection":[{"href":"https:\/\/itdreamlan.nl\/de\/wp-json\/wp\/v2\/pages"}],"about":[{"href":"https:\/\/itdreamlan.nl\/de\/wp-json\/wp\/v2\/types\/page"}],"author":[{"embeddable":true,"href":"https:\/\/itdreamlan.nl\/de\/wp-json\/wp\/v2\/users\/1"}],"replies":[{"embeddable":true,"href":"https:\/\/itdreamlan.nl\/de\/wp-json\/wp\/v2\/comments?post=3968"}],"version-history":[{"count":5,"href":"https:\/\/itdreamlan.nl\/de\/wp-json\/wp\/v2\/pages\/3968\/revisions"}],"predecessor-version":[{"id":6882,"href":"https:\/\/itdreamlan.nl\/de\/wp-json\/wp\/v2\/pages\/3968\/revisions\/6882"}],"wp:attachment":[{"href":"https:\/\/itdreamlan.nl\/de\/wp-json\/wp\/v2\/media?parent=3968"}],"curies":[{"name":"wp","href":"https:\/\/api.w.org\/{rel}","templated":true}]}}