{"id":3941,"date":"2015-09-21T11:37:37","date_gmt":"2015-09-21T11:37:37","guid":{"rendered":"https:\/\/www.itdreamlan.nl\/de\/?page_id=3941"},"modified":"2024-09-21T12:24:38","modified_gmt":"2024-09-21T10:24:38","slug":"wer-sind-wir","status":"publish","type":"page","link":"https:\/\/itdreamlan.nl\/de\/wer-sind-wir\/","title":{"rendered":"wer sind wir"},"content":{"rendered":"<div class=\"section-full-width section-dark-bg\" style=\"background-color:#9dc6d8;\" id=\"wirsindtr\u00c4umer\"><div class=\"section-boxed\" style=\"color:#ffffff;\"><h2 class=\"section-title\" style=\"color:#ffffff;\">WIR SIND TR\u00c4UMER<\/h2>  <p>  Unser Leben dreht sich um Tr\u00e4ume, in allen erdenklichen Formen. Und um den faszinierenden Weg zur Verwirklichung dieser Tr\u00e4ume. 2009 haben wir hier den Ort unserer Tr\u00e4ume gefunden: einen friesischen Bauernhof, nur einen Steinwurf vom Lauwersmeer entfernt. So kam es, dass wir aus der Utrechter Innenstadt nach Friesland zogen. Den Namen &#8218;it Dreaml\u00e2n&#8216; (Traumland) hatten wir schnell gefunden. Unsere beiden Jungs (Okke und Tjalle) haben auf friesische Namen, und das hat seinen Grund. Wir haben hier Wurzeln geschlagen in dieser weitl\u00e4ufigen Wattenmeerlandschaft und wir f\u00fchlen uns hier auf dem Marschenklei einfach zu Hause. Zu jener Zeit war es unser gr\u00f6\u00dfter Traum, mehr Zeit mit den Kindern drau\u00dfen zu verbringen. Weg von der Hektik der Gro\u00dfstadt. Diesen Traum konnten wir uns mit dem Umzug verwirklichen, denn Landschaft gibt es hier nun wirklich genug <span class=\"wp-font-emots-emo-happy\"><\/span> .  <\/p>  \n<\/div><\/div>\n <p> &nbsp; <\/p> \n <p> Ein neuer Traum musste also her. Denn die Sch\u00f6nheit dieses Ortes zog und so in ihren Bann, dass wir sie mit anderen Leuten teilen wollten. Als wir unser Haus kauften, geh\u00f6rte dazu bereits ein kleiner <a href=\"https:\/\/www.itdreamlan.nl\/de\/camping\/\"><span style=\"text-decoration: underline;\">Naturcampingplatz<\/span><\/a> und ein gem\u00fctliche <a href=\"https:\/\/www.itdreamlan.nl\/de\/ferienhaus\/\"><span style=\"text-decoration: underline;\">Ferienhaus<\/span><\/a>. Ein sch\u00f6ner Nebenerwerb, dachten wir uns und machten uns Schritt f\u00fcr Schritt an den Ausbau. Inzwischen ist daraus ein feiner, unkonventioneller und inspirierender Ort geworden, an dem jeder sich zu Hause f\u00fchlen kann. Wir haben viel Herzblut in das Gel\u00e4nde hinein investiert und beim Aufbau so manchen Schwei\u00dftropfen vergossen. Au\u00dferdem wurde hier unser drittes Kind geboren: ein friesisches Famke namens Jikke. <\/p> \n <p> Unsere drei Kinder sind schon echte Friesen, und keine zehn Pferde w\u00fcrden es schaffen, sie wieder in die Gro\u00dfstadt zu bekommen ;). Dass Mama und Papa ab und zu Sehnsucht nach etwas st\u00e4dtischem Flair und Kultur haben \u2013 tja, Pech gehabt. Aber nun ja, ab und zu organisieren wir uns einen Babysitter, setzen und ins Auto und fahren nach Groningen oder Leeuwarden, um mal wieder Stadtluft zu schnuppern. <\/p> \n <p> &nbsp; <\/p> \n <p> <img decoding=\"async\" class=\"aligncenter\" src=\"https:\/\/www.itdreamlan.nl\/wp-content\/uploads\/2015\/07\/over-ons.jpg\" alt=\"Wer sind wir von it Dreaml\u00e2n: Jikke, Minke, Robert, Tjalle und Olke\" \/> <\/p> \n <p> &nbsp; <\/p> \n <p> Fast alle unsere G\u00e4ste machen f\u00fcr uns Mundpropaganda. Deshalb finden immer mehr Leute den Weg zu uns und machen Urlaub in unseren Ferienh\u00e4usern oder auf dem Campingplatz. Das ist schon irgendwie ein tolles Gef\u00fchl, wenn so viele Leute vom Ort unserer Tr\u00e4ume genau so begeistert sind wie wir selbst! Jahr f\u00fcr Jahr haben wir unser Gel\u00e4nde ein wenig erweitert. 2015 haben wir den letzten Schritt vollzogen mit dem Bau unserer zwei &#8222;Scheunen&#8220; im originellen Design. Eine dieser &#8222;Scheunen&#8220; ist ein Geb\u00e4ude mit 4 <a href=\"https:\/\/www.itdreamlan.nl\/de\/ferienwohnung\/\"><span style=\"text-decoration: underline;\">Ferienwohnungen<\/span><\/a> und einem <a href=\"https:\/\/www.itdreamlan.nl\/de\/gruppenunterkunft\/\"><span style=\"text-decoration: underline;\">Gemeinschaftsraum<\/span><\/a> unter einem Dach. Die andere &#8222;Scheune&#8220; ist unser neues Haus. Unser bisheriges Haus, der friesische Bauernhof, ist damit zu einem stilvollen <a href=\"https:\/\/www.itdreamlan.nl\/de\/familienhaus\/\"><span style=\"text-decoration: underline;\">Familienhaus<\/span><\/a> f\u00fcr G\u00e4ste geworden. Jetzt k\u00f6nnen wir im Sommer wie im Winter G\u00e4ste empfangen, sowohl echte Camper als auch Leute, die lieber in einem echten Bett schlafen. Und was das Allerwichtigste ist: Jeder f\u00fchlt sich hier wohl! Das ist es doch, oder etwa nicht? <\/p> \n <p> &nbsp; <\/p> \n <p> <img decoding=\"async\" class=\"aligncenter\" src=\"https:\/\/www.itdreamlan.nl\/wp-content\/uploads\/2024\/09\/Logo-it-Dreamlan-500.png\" width=\"250\" alt=\"it Dreamlan logo groene natuur camping minicamping Friesland Lauwersmeer Kollum Dokkum Lauwersoog\" \/> <\/p> \n <p> &nbsp; <\/p> \n <p> Vielleicht sollten wir unser Tr\u00e4umer-Projekt mal wieder zum Vorschein holen, damit wir unser Gel\u00e4nde noch mehr teilen k\u00f6nnen. 2012 und 2013 bot It Dreaml\u00e2n Tr\u00e4umern einen Ort zum Tr\u00e4umen an. Innerhalb von einer Woche konnten sie bei uns in aller Ruhe an ihrem Traum arbeiten. Warum? Ganz einfach weil wir eine Schw\u00e4che f\u00fcr Tr\u00e4ume und somit auch f\u00fcr Tr\u00e4umer haben. Und ganz besonderen Respekt haben wir vor Leuten, die den Mut haben, ihren Traum Wirklichkeit werden zu lassen. <\/p> \n <p> F\u00fcr uns ist It Dreaml\u00e2n inzwischen gro\u00df genug. Diese Gr\u00f6\u00dfe passt zu uns, gr\u00f6\u00dfer wollen wir nicht mehr werden. Trotzdem bleiben wir Tr\u00e4umer. Wir werden uns immer neue, kreative M\u00f6glichkeiten ausdenken, um unser Leben zu gestalten. Tr\u00e4ume zu verfolgen erfordert allerdings Mut. Und man kann uns alles M\u00f6gliche nachsagen, aber an Mut fehlt es uns nicht. <\/p> \n <p> &nbsp; <\/p> \n<h2 style=\"text-align: center;\">UNSER TEAM<\/h2>\n <p> &nbsp; <\/p> \n<p style=\"text-align: center;\"><div class=\"cq-hotspot-container\"><div class=\"hotspot-container\" data-slideshow=\"false\" data-slideshowdelay=\"5\" data-maxwidth=\"400\" data-triggerby=\"mouseover\"  data-dropinease=\"true\"  data-animation=\"grow\" data-tooltipstyle=\"shadow\"><span class=\"cq-hotspot-tooltip \" data-cqtooltip=\"\" data-top=\"-0.07760532150776053%\" data-left=\"19.058697208303506%\" data-link=\"\" data-direction=\"top\" data-target=\"_self\" data-isdisplay=\"no\"  data-islightbox=\"no\" href=\"\" style=\"left:19.058697208303506%;top:-0.07760532150776053%;\"><i class=\"cq-hotspot-icon icon-comment-empty\" style=\"background-color:;color:#1e73be;\"><\/i> <br \/> <span class=\"cq-hotspot-label\" style=\"visibility:hidden;\"><\/span><div class=\"cq-hotspot-tooltipcontent\"> <br> \r\n<span style=\"color: #3366ff;\"><strong>Hallo, Ich bin Minke!<\/strong><\/span> <br> \r\n <br> \r\nIch bin hier die Chefin! Sieht man das etwa nicht? Meistens begr\u00fc\u00dfe ich die G\u00e4ste und erkl\u00e4re Ihnen alles Wissenswerte. Tipps f\u00fcr tolle Ausfl\u00fcge? Duschm\u00fcnzen wechseln? Kanupaddel abholen? All das gibt es bei mir, und mich gibt es meistens an der Rezeption. <br> \r\n <br> \r\nAu\u00dfer Camping-Chefin arbeite ich beim Waddenvereniging in Harlingen. Auch ein toller Job, der mir viel Spa\u00df macht. Genau so viel Spa\u00df wie das Putzen im Duschgeb\u00e4ude. Einfach den Verstand auf Null setzen und auf Traummodus umschalten. <br> \r\n <br> <\/div><\/span><span class=\"cq-hotspot-tooltip \" data-cqtooltip=\"\" data-top=\"0%\" data-left=\"37.6521116678597%\" data-link=\"\" data-direction=\"top\" data-target=\"_self\" data-isdisplay=\"no\"  data-islightbox=\"no\" href=\"\" style=\"left:37.6521116678597%;top:0%;\"><i class=\"cq-hotspot-icon icon-comment-empty\" style=\"background-color:;color:#dd9933;\"><\/i> <br \/> <span class=\"cq-hotspot-label\" style=\"visibility:hidden;\"><\/span><div class=\"cq-hotspot-tooltipcontent\"> <br> \r\n<span style=\"color: #dd9933;\"><strong>Hallo, Ich bin Robert!<\/strong><\/span> <br> \r\n <br> \r\nWer rast hier im Affenzahn mit dem flotten Rasentraktor vorbei? Tja, das bin ich! Eigentlich h\u00e4tte ich Bauer werden in, denn am liebsten bin ich den ganzen Tag drau\u00dfen auf unserem Gel\u00e4nde. Dabei genie\u00dfe ich besonders die V\u00f6gel und das Wiesen- und Wolkenpanorama um uns herum. Und nat\u00fcrlich die tollen G\u00e4ste hier. <br> \r\n <br> \r\nSucht ihr noch die richtige Jogging-Strecke oder interessante Wege zum Rennrad fahren? Fragt mich ruhig, denn Tipps habe ich genug. Ich bin \u00fcbrigens nicht nur Gro\u00dfgrundbesitzer, bin ich auch Wirtschaftslehrer am Hogeland College in Warffum. <br> \r\n <br> <\/div><\/span><span class=\"cq-hotspot-tooltip \" data-cqtooltip=\"\" data-top=\"20.17738359201774%\" data-left=\"53.90121689334288%\" data-link=\"\" data-direction=\"top\" data-target=\"_self\" data-isdisplay=\"no\"  data-islightbox=\"no\" href=\"\" style=\"left:53.90121689334288%;top:20.17738359201774%;\"><i class=\"cq-hotspot-icon icon-comment-empty\" style=\"background-color:;color:#8224e3;\"><\/i> <br \/> <span class=\"cq-hotspot-label\" style=\"visibility:hidden;\"><\/span><div class=\"cq-hotspot-tooltipcontent\"> <br> \r\n<span style=\"color: #8224e3;\"><strong>Hallo, Ich bin Jikke!<\/strong><\/span> <br> \r\n <br> \r\nAm liebsten fahr' ich den ganzen Tag mit meinem rosa Prinzessinnenfahrrad durch die Gegend. Meine Klamotten suche ich immer selbst aus, zumindest will ich das immer. Manchmal muss ich eine Jogginghose anziehen, wenn gerade viel Matsch da ist, aber am liebsten trage ich Kleider und R\u00f6cke. Und am liebsten nat\u00fcrlich in rosa. <br> \r\n <br> \r\nIch helfe Mama gerne beim Saubermachen im Duschgeb\u00e4ude. Aber wenn ich davon genug habe, gehe ich auch gerne schaukeln oder springe auf dem Trampolin herum. Mit anderen Kindern im Sandkasten spielen finde ich auch total toll. Unsere Spezialit\u00e4t ist Sandkuchen. Wir nehmen dann an den Zelten die Bestellungen auf und dann geht es ans Backen. <br> \r\n <br> <\/div><\/span><span class=\"cq-hotspot-tooltip \" data-cqtooltip=\"\" data-top=\"12.416851441241686%\" data-left=\"71.79670722977811%\" data-link=\"\" data-direction=\"top\" data-target=\"_self\" data-isdisplay=\"no\"  data-islightbox=\"no\" href=\"\" style=\"left:71.79670722977811%;top:12.416851441241686%;\"><i class=\"cq-hotspot-icon icon-comment-empty\" style=\"background-color:;color:#81d742;\"><\/i> <br \/> <span class=\"cq-hotspot-label\" style=\"visibility:hidden;\"><\/span><div class=\"cq-hotspot-tooltipcontent\"> <br> \r\n<span style=\"color: #81d742;\"><strong>Hallo, Ich bin Tjalle!<\/strong><\/span> <br> \r\n <br> \r\nSie sagen, dass ich ein Tr\u00e4umer bin, aber das stimmt so nicht. Manchmal habe ich einfach keine Lust zum Zuh\u00f6ren. Aber wenn neue G\u00e4ste da sind, sage ich immer sofort Bescheid. Ich hole auch immer die Post aus dem Briefkasten, denn das ist meine Aufgabe. Herumfahren mit dem Fahrrad oder mit dem Roller finde ich cool. <br> \r\n <br> \r\nAm liebsten nat\u00fcrlich mit einer ganzen Meute von Kindern. Auf dem Trampolin kann ich es sehr lange aushalten. Oder Fu\u00dfball nat\u00fcrlich. Fu\u00dfball kommt immer gut. Am sch\u00f6nsten ist es, wenn wir so lange Fu\u00dfball spielen, bis es dunkel wird. <br> \r\n <br> <\/div><\/span><span class=\"cq-hotspot-tooltip \" data-cqtooltip=\"\" data-top=\"6.873614190687362%\" data-left=\"87.61632068718683%\" data-link=\"\" data-direction=\"top\" data-target=\"_self\" data-isdisplay=\"no\"  data-islightbox=\"no\" href=\"\" style=\"left:87.61632068718683%;top:6.873614190687362%;\"><i class=\"cq-hotspot-icon icon-comment-empty\" style=\"background-color:;color:#dd3333;\"><\/i> <br \/> <span class=\"cq-hotspot-label\" style=\"visibility:hidden;\"><\/span><div class=\"cq-hotspot-tooltipcontent\"> <br> \r\n<span style=\"color: #dd3333;\"><strong>Hallo, Ich bin Olke!<\/strong><\/span> <br> \r\n <br> \r\nWenn ihr gerne Fu\u00dfball spielt, ruft mich nur dazu, denn bei Fu\u00dfball bin ich immer dabei. Oder angeln, dazu sage ich auch nie nein. Oder mit den Fangnetzen durch den Graben... Im Sommer gehen wir manchmal mit den Kindern vom Campingplatz in den Kuhstall von Bauer Reyer. Das ist immer ziemlich interessant. Oft werden K\u00e4lber geboren. Tiere mag ich einfach, und ich wei\u00df eine ganze Menge dar\u00fcber. <br> \r\n <br> \r\nSp\u00e4ter will ich mal Biologe werden. Oder meinetwegen auch Fu\u00dfballprofi, warum nicht? Wenn wir einen Tag frei haben, gehen wir manchmal mit Papa zum Kanu fahren. Zur Wasserm\u00fchle und von dort aus weiter bis nach Kollum. Das hat was. <br> \r\n <br> <\/div><\/span><img decoding=\"async\" src=\"https:\/\/www.itdreamlan.nl\/wp-content\/uploads\/2015\/03\/team.jpg\" class=\"popover-image\"  \/><\/div><\/div>\n <p> &nbsp; <\/p> \n","protected":false},"excerpt":{"rendered":" <p> &nbsp; Ein neuer Traum musste also her. Denn die Sch\u00f6nheit dieses Ortes zog und so in ihren Bann, dass wir [&hellip;] <\/p> \n","protected":false},"author":1,"featured_media":0,"parent":0,"menu_order":0,"comment_status":"closed","ping_status":"closed","template":"template-full-custom.php","meta":{"footnotes":""},"class_list":["post-3941","page","type-page","status-publish","hentry"],"yoast_head":"<!-- This site is optimized with the Yoast SEO plugin v27.3 - https:\/\/yoast.com\/product\/yoast-seo-wordpress\/ -->\n<title>wer sind wir: tr\u00e4umer - it Dreaml\u00e2n<\/title>\n<meta name=\"description\" content=\"wer sind wir: tr\u00e4umer Robert de Wit, Minke Schouten, Olke, Tjalle und Jikke. Unser Leben dreht sich um Tr\u00e4ume, in allen erdenklichen Formen.\" \/>\n<meta name=\"robots\" content=\"index, follow, max-snippet:-1, max-image-preview:large, max-video-preview:-1\" \/>\n<link rel=\"canonical\" href=\"https:\/\/vh2021fdxmk-0.hosting-space.nl\/de\/wer-sind-wir\/\" \/>\n<meta property=\"og:locale\" content=\"de_DE\" \/>\n<meta property=\"og:type\" content=\"article\" \/>\n<meta property=\"og:title\" content=\"wer sind wir: tr\u00e4umer - it Dreaml\u00e2n\" \/>\n<meta property=\"og:description\" content=\"wer sind wir: tr\u00e4umer Robert de Wit, Minke Schouten, Olke, Tjalle und Jikke. Unser Leben dreht sich um Tr\u00e4ume, in allen erdenklichen Formen.\" \/>\n<meta property=\"og:url\" content=\"https:\/\/vh2021fdxmk-0.hosting-space.nl\/de\/wer-sind-wir\/\" \/>\n<meta property=\"og:site_name\" content=\"It Dreamlan\" \/>\n<meta property=\"article:publisher\" content=\"https:\/\/www.facebook.com\/itDreamlan\/\" \/>\n<meta property=\"article:modified_time\" content=\"2024-09-21T10:24:38+00:00\" \/>\n<meta property=\"og:image\" content=\"https:\/\/www.itdreamlan.nl\/wp-content\/uploads\/2015\/07\/over-ons.jpg\" \/>\n<meta name=\"twitter:label1\" content=\"Gesch\u00e4tzte Lesezeit\" \/>\n\t<meta name=\"twitter:data1\" content=\"4\u00a0Minuten\" \/>\n<script type=\"application\/ld+json\" class=\"yoast-schema-graph\">{\"@context\":\"https:\\\/\\\/schema.org\",\"@graph\":[{\"@type\":\"WebPage\",\"@id\":\"https:\\\/\\\/vh2021fdxmk-0.hosting-space.nl\\\/de\\\/wer-sind-wir\\\/\",\"url\":\"https:\\\/\\\/vh2021fdxmk-0.hosting-space.nl\\\/de\\\/wer-sind-wir\\\/\",\"name\":\"wer sind wir: tr\u00e4umer - it Dreaml\u00e2n\",\"isPartOf\":{\"@id\":\"https:\\\/\\\/www.itdreamlan.nl\\\/en\\\/#website\"},\"primaryImageOfPage\":{\"@id\":\"https:\\\/\\\/vh2021fdxmk-0.hosting-space.nl\\\/de\\\/wer-sind-wir\\\/#primaryimage\"},\"image\":{\"@id\":\"https:\\\/\\\/vh2021fdxmk-0.hosting-space.nl\\\/de\\\/wer-sind-wir\\\/#primaryimage\"},\"thumbnailUrl\":\"https:\\\/\\\/www.itdreamlan.nl\\\/wp-content\\\/uploads\\\/2015\\\/07\\\/over-ons.jpg\",\"datePublished\":\"2015-09-21T11:37:37+00:00\",\"dateModified\":\"2024-09-21T10:24:38+00:00\",\"description\":\"wer sind wir: tr\u00e4umer Robert de Wit, Minke Schouten, Olke, Tjalle und Jikke. Unser Leben dreht sich um Tr\u00e4ume, in allen erdenklichen Formen.\",\"breadcrumb\":{\"@id\":\"https:\\\/\\\/vh2021fdxmk-0.hosting-space.nl\\\/de\\\/wer-sind-wir\\\/#breadcrumb\"},\"inLanguage\":\"de\",\"potentialAction\":[{\"@type\":\"ReadAction\",\"target\":[\"https:\\\/\\\/vh2021fdxmk-0.hosting-space.nl\\\/de\\\/wer-sind-wir\\\/\"]}]},{\"@type\":\"ImageObject\",\"inLanguage\":\"de\",\"@id\":\"https:\\\/\\\/vh2021fdxmk-0.hosting-space.nl\\\/de\\\/wer-sind-wir\\\/#primaryimage\",\"url\":\"https:\\\/\\\/www.itdreamlan.nl\\\/wp-content\\\/uploads\\\/2015\\\/07\\\/over-ons.jpg\",\"contentUrl\":\"https:\\\/\\\/www.itdreamlan.nl\\\/wp-content\\\/uploads\\\/2015\\\/07\\\/over-ons.jpg\"},{\"@type\":\"BreadcrumbList\",\"@id\":\"https:\\\/\\\/vh2021fdxmk-0.hosting-space.nl\\\/de\\\/wer-sind-wir\\\/#breadcrumb\",\"itemListElement\":[{\"@type\":\"ListItem\",\"position\":1,\"name\":\"Home\",\"item\":\"https:\\\/\\\/www.itdreamlan.nl\\\/de\\\/\"},{\"@type\":\"ListItem\",\"position\":2,\"name\":\"wer sind wir\"}]},{\"@type\":\"WebSite\",\"@id\":\"https:\\\/\\\/www.itdreamlan.nl\\\/en\\\/#website\",\"url\":\"https:\\\/\\\/www.itdreamlan.nl\\\/en\\\/\",\"name\":\"It Dreamlan\",\"description\":\"Overnachten in puur Friesland\",\"potentialAction\":[{\"@type\":\"SearchAction\",\"target\":{\"@type\":\"EntryPoint\",\"urlTemplate\":\"https:\\\/\\\/www.itdreamlan.nl\\\/en\\\/?s={search_term_string}\"},\"query-input\":{\"@type\":\"PropertyValueSpecification\",\"valueRequired\":true,\"valueName\":\"search_term_string\"}}],\"inLanguage\":\"de\"}]}<\/script>\n<!-- \/ Yoast SEO plugin. -->","yoast_head_json":{"title":"wer sind wir: tr\u00e4umer - it Dreaml\u00e2n","description":"wer sind wir: tr\u00e4umer Robert de Wit, Minke Schouten, Olke, Tjalle und Jikke. Unser Leben dreht sich um Tr\u00e4ume, in allen erdenklichen Formen.","robots":{"index":"index","follow":"follow","max-snippet":"max-snippet:-1","max-image-preview":"max-image-preview:large","max-video-preview":"max-video-preview:-1"},"canonical":"https:\/\/vh2021fdxmk-0.hosting-space.nl\/de\/wer-sind-wir\/","og_locale":"de_DE","og_type":"article","og_title":"wer sind wir: tr\u00e4umer - it Dreaml\u00e2n","og_description":"wer sind wir: tr\u00e4umer Robert de Wit, Minke Schouten, Olke, Tjalle und Jikke. Unser Leben dreht sich um Tr\u00e4ume, in allen erdenklichen Formen.","og_url":"https:\/\/vh2021fdxmk-0.hosting-space.nl\/de\/wer-sind-wir\/","og_site_name":"It Dreamlan","article_publisher":"https:\/\/www.facebook.com\/itDreamlan\/","article_modified_time":"2024-09-21T10:24:38+00:00","og_image":[{"url":"https:\/\/www.itdreamlan.nl\/wp-content\/uploads\/2015\/07\/over-ons.jpg","type":"","width":"","height":""}],"twitter_misc":{"Gesch\u00e4tzte Lesezeit":"4\u00a0Minuten"},"schema":{"@context":"https:\/\/schema.org","@graph":[{"@type":"WebPage","@id":"https:\/\/vh2021fdxmk-0.hosting-space.nl\/de\/wer-sind-wir\/","url":"https:\/\/vh2021fdxmk-0.hosting-space.nl\/de\/wer-sind-wir\/","name":"wer sind wir: tr\u00e4umer - it Dreaml\u00e2n","isPartOf":{"@id":"https:\/\/www.itdreamlan.nl\/en\/#website"},"primaryImageOfPage":{"@id":"https:\/\/vh2021fdxmk-0.hosting-space.nl\/de\/wer-sind-wir\/#primaryimage"},"image":{"@id":"https:\/\/vh2021fdxmk-0.hosting-space.nl\/de\/wer-sind-wir\/#primaryimage"},"thumbnailUrl":"https:\/\/www.itdreamlan.nl\/wp-content\/uploads\/2015\/07\/over-ons.jpg","datePublished":"2015-09-21T11:37:37+00:00","dateModified":"2024-09-21T10:24:38+00:00","description":"wer sind wir: tr\u00e4umer Robert de Wit, Minke Schouten, Olke, Tjalle und Jikke. Unser Leben dreht sich um Tr\u00e4ume, in allen erdenklichen Formen.","breadcrumb":{"@id":"https:\/\/vh2021fdxmk-0.hosting-space.nl\/de\/wer-sind-wir\/#breadcrumb"},"inLanguage":"de","potentialAction":[{"@type":"ReadAction","target":["https:\/\/vh2021fdxmk-0.hosting-space.nl\/de\/wer-sind-wir\/"]}]},{"@type":"ImageObject","inLanguage":"de","@id":"https:\/\/vh2021fdxmk-0.hosting-space.nl\/de\/wer-sind-wir\/#primaryimage","url":"https:\/\/www.itdreamlan.nl\/wp-content\/uploads\/2015\/07\/over-ons.jpg","contentUrl":"https:\/\/www.itdreamlan.nl\/wp-content\/uploads\/2015\/07\/over-ons.jpg"},{"@type":"BreadcrumbList","@id":"https:\/\/vh2021fdxmk-0.hosting-space.nl\/de\/wer-sind-wir\/#breadcrumb","itemListElement":[{"@type":"ListItem","position":1,"name":"Home","item":"https:\/\/www.itdreamlan.nl\/de\/"},{"@type":"ListItem","position":2,"name":"wer sind wir"}]},{"@type":"WebSite","@id":"https:\/\/www.itdreamlan.nl\/en\/#website","url":"https:\/\/www.itdreamlan.nl\/en\/","name":"It Dreamlan","description":"Overnachten in puur Friesland","potentialAction":[{"@type":"SearchAction","target":{"@type":"EntryPoint","urlTemplate":"https:\/\/www.itdreamlan.nl\/en\/?s={search_term_string}"},"query-input":{"@type":"PropertyValueSpecification","valueRequired":true,"valueName":"search_term_string"}}],"inLanguage":"de"}]}},"_links":{"self":[{"href":"https:\/\/itdreamlan.nl\/de\/wp-json\/wp\/v2\/pages\/3941","targetHints":{"allow":["GET"]}}],"collection":[{"href":"https:\/\/itdreamlan.nl\/de\/wp-json\/wp\/v2\/pages"}],"about":[{"href":"https:\/\/itdreamlan.nl\/de\/wp-json\/wp\/v2\/types\/page"}],"author":[{"embeddable":true,"href":"https:\/\/itdreamlan.nl\/de\/wp-json\/wp\/v2\/users\/1"}],"replies":[{"embeddable":true,"href":"https:\/\/itdreamlan.nl\/de\/wp-json\/wp\/v2\/comments?post=3941"}],"version-history":[{"count":20,"href":"https:\/\/itdreamlan.nl\/de\/wp-json\/wp\/v2\/pages\/3941\/revisions"}],"predecessor-version":[{"id":13435,"href":"https:\/\/itdreamlan.nl\/de\/wp-json\/wp\/v2\/pages\/3941\/revisions\/13435"}],"wp:attachment":[{"href":"https:\/\/itdreamlan.nl\/de\/wp-json\/wp\/v2\/media?parent=3941"}],"curies":[{"name":"wp","href":"https:\/\/api.w.org\/{rel}","templated":true}]}}